{"id":56,"date":"2022-11-10T19:03:22","date_gmt":"2022-11-10T17:03:22","guid":{"rendered":"https:\/\/www.chirofit.cz\/?page_id=56"},"modified":"2026-04-23T15:22:31","modified_gmt":"2026-04-23T13:22:31","slug":"cenik","status":"publish","type":"page","link":"https:\/\/www.chirofit.cz\/?page_id=56","title":{"rendered":"cen\u00edk"},"content":{"rendered":"\n<!DOCTYPE html>\n<html lang=\"en\">\n<head>\n  <link rel=\"icon\" type=\"image\/x-icon\" href=\"https:\/\/www.chirofit.cz\/wp-content\/uploads\/2022\/11\/ChirofitICO.png\">\n  <link rel=\"stylesheet\" href=\"style.css\">\n  <meta charset=\"UTF-8\">\n  <title>Cen\u00edk<\/title>\n<\/head>\n<body>\n    <div class=\"topnav\">\n      <div class=\"icon\"><img decoding=\"async\" src=\"https:\/\/www.chirofit.cz\/wp-content\/uploads\/2022\/11\/barICO.png\" alt=\"\" height=\"48px\" width=\"48px\"><\/img><\/div>\n      <a href=\"https:\/\/www.chirofit.cz\/\">Dom\u016f<\/a>\n      <a class=\"active\" href=\"https:\/\/www.chirofit.cz\/?page_id=56\">Cen\u00edk<\/a>\n      <a href=\"https:\/\/www.chirofit.cz\/?page_id=103\">Fotogalerie<\/a>\n      <a href=\"https:\/\/www.chirofit.cz\/?page_id=82\">Kontakt<\/a>\n      <a href=\"https:\/\/www.chirofit.cz\/?page_id=79\">Mapy<\/a>\n    <\/div>\n<\/body>\n<\/html>\n\n\n\n<div class=\"cenik\">\n\n    \n  <ul>\n<h3>\nCen\u00edk platn\u00fd od 1. 1. 2025\n<\/h4>\n<li><div class=\"produkt\">\n        Pracovn\u00ed doba: 8:00 &#8211; 14:00\n    <\/div><\/li>\n    <li><div class=\"produkt\">\n        Procedura l\u00e9\u010debn\u00e1 mas\u00e1\u017e: chiropraxe, n\u00e1prava p\u00e1te\u0159e, sk\u0159\u00edpnut\u00e9 nervy &#8211; <b>3500 K\u010d<\/b>\n    <\/div><\/li>\n<li><div class=\"nadstan produkt\">\n        P\u0159\u00edplatek <b>1500 K\u010d<\/b> mimo pracovn\u00ed dobu.\n    <\/div><\/li>\n\n     <li><div class=\"nadstan produkt\">\n        <b>Maxim\u00e1ln\u00ed denn\u00ed kapacita: 2 klienti<\/b>\n    <\/div><\/li>\n\n     \n<\/ul>\n\n<div class=\"space\"><\/div>\n<\/div\n\n\n\n<p><\/p>\n","protected":false},"excerpt":{"rendered":"<p>Cen\u00edk Dom\u016f Cen\u00edk Fotogalerie Kontakt Mapy Cen\u00edk platn\u00fd od 1. 1. 2025 Pracovn\u00ed doba: 8:00 &#8211; 14:00 Procedura l\u00e9\u010debn\u00e1 mas\u00e1\u017e: chiropraxe, n\u00e1prava p\u00e1te\u0159e, sk\u0159\u00edpnut\u00e9 nervy &#8211; 3500 K\u010d P\u0159\u00edplatek 1500 K\u010d mimo pracovn\u00ed dobu. Maxim\u00e1ln\u00ed denn\u00ed kapacita: 2 klienti<\/p>\n","protected":false},"author":2,"featured_media":0,"parent":0,"menu_order":0,"comment_status":"closed","ping_status":"closed","template":"template-page-builder-no-header-footer.php","meta":{"footnotes":""},"class_list":["post-56","page","type-page","status-publish","hentry"],"_links":{"self":[{"href":"https:\/\/www.chirofit.cz\/index.php?rest_route=\/wp\/v2\/pages\/56","targetHints":{"allow":["GET"]}}],"collection":[{"href":"https:\/\/www.chirofit.cz\/index.php?rest_route=\/wp\/v2\/pages"}],"about":[{"href":"https:\/\/www.chirofit.cz\/index.php?rest_route=\/wp\/v2\/types\/page"}],"author":[{"embeddable":true,"href":"https:\/\/www.chirofit.cz\/index.php?rest_route=\/wp\/v2\/users\/2"}],"replies":[{"embeddable":true,"href":"https:\/\/www.chirofit.cz\/index.php?rest_route=%2Fwp%2Fv2%2Fcomments&post=56"}],"version-history":[{"count":49,"href":"https:\/\/www.chirofit.cz\/index.php?rest_route=\/wp\/v2\/pages\/56\/revisions"}],"predecessor-version":[{"id":254,"href":"https:\/\/www.chirofit.cz\/index.php?rest_route=\/wp\/v2\/pages\/56\/revisions\/254"}],"wp:attachment":[{"href":"https:\/\/www.chirofit.cz\/index.php?rest_route=%2Fwp%2Fv2%2Fmedia&parent=56"}],"curies":[{"name":"wp","href":"https:\/\/api.w.org\/{rel}","templated":true}]}}