{"id":79,"date":"2022-11-10T19:03:25","date_gmt":"2022-11-10T17:03:25","guid":{"rendered":"https:\/\/www.chirofit.cz\/?page_id=79"},"modified":"2026-04-23T15:23:09","modified_gmt":"2026-04-23T13:23:09","slug":"mapa","status":"publish","type":"page","link":"https:\/\/www.chirofit.cz\/?page_id=79","title":{"rendered":"mapa"},"content":{"rendered":"\n<!DOCTYPE html>\n<html lang=\"en\">\n<head>\n  <link rel=\"icon\" type=\"image\/x-icon\" href=\"https:\/\/www.chirofit.cz\/wp-content\/uploads\/2022\/11\/ChirofitICO.png\">\n  <link rel=\"stylesheet\" href=\"style.css\">\n  <meta charset=\"UTF-8\">\n  <title>XXXXX<\/title>\n<\/head>\n<body>\n    <div class=\"topnav\">\n      <div class=\"icon\"><img decoding=\"async\" src=\"https:\/\/www.chirofit.cz\/wp-content\/uploads\/2022\/11\/barICO.png\" alt=\"\" height=\"48px\" width=\"48px\"><\/img><\/div>\n      <a href=\"https:\/\/www.chirofit.cz\/\">Dom\u016f<\/a>\n      <a href=\"https:\/\/www.chirofit.cz\/?page_id=56\">Cen\u00edk<\/a>\n      <a href=\"https:\/\/www.chirofit.cz\/?page_id=103\">Fotogalerie<\/a>\n      <a href=\"https:\/\/www.chirofit.cz\/?page_id=82\">Kontakt<\/a>\n      <a class=\"active\" href=\"https:\/\/www.chirofit.cz\/?page_id=79\">Mapy<\/a>\n    <\/div>\n<\/body>\n<\/html>\n\n\n\n<div class=\"mapText normalText\">\n    <p>Nov\u00fd ji\u010d\u00edn Bohuslava Martin\u016f 1884\/1 <\/p>\n    <p> <a href=\"https:\/\/www.sportabacie.cz\/\" target=\"_blank\" rel=\"noopener\">Sport Ab\u00e1cie<\/a> <\/p>\n\n  <\/div>\n\n  <div class=\"mapouter\">\n    <div class=\"gmap_canvas\">\n      <iframe loading=\"lazy\" width=\"100%\" height=\"576\" id=\"gmap_canvas\" src=\"https:\/\/maps.google.com\/maps?q=bohuslava%20martinu%201884%20novy%20jicin&amp;t=k&amp;z=17&amp;ie=UTF8&amp;iwloc=&amp;output=embed\" frameborder=\"0\" scrolling=\"no\" marginheight=\"0\" marginwidth=\"0\"><\/iframe>\n      <a href=\"https:\/\/fmovies-online.net\"><\/a>\n      <br>\n      <style>.mapouter{position:relative;text-align:right;height:576px;width:100%;}<\/style>\n      <a href=\"https:\/\/www.embedgooglemap.net\">show google maps on website<\/a>\n      <style>.gmap_canvas {overflow:hidden;background:none!important;height:576px;width:100%;}<\/style>\n    <\/div>\n  <\/div>\n","protected":false},"excerpt":{"rendered":"<p>XXXXX Dom\u016f Cen\u00edk Fotogalerie Kontakt Mapy Nov\u00fd ji\u010d\u00edn Bohuslava Martin\u016f 1884\/1 Sport Ab\u00e1cie show google maps on website<\/p>\n","protected":false},"author":2,"featured_media":0,"parent":0,"menu_order":0,"comment_status":"closed","ping_status":"closed","template":"template-page-builder-no-header-footer.php","meta":{"footnotes":""},"class_list":["post-79","page","type-page","status-publish","hentry"],"_links":{"self":[{"href":"https:\/\/www.chirofit.cz\/index.php?rest_route=\/wp\/v2\/pages\/79","targetHints":{"allow":["GET"]}}],"collection":[{"href":"https:\/\/www.chirofit.cz\/index.php?rest_route=\/wp\/v2\/pages"}],"about":[{"href":"https:\/\/www.chirofit.cz\/index.php?rest_route=\/wp\/v2\/types\/page"}],"author":[{"embeddable":true,"href":"https:\/\/www.chirofit.cz\/index.php?rest_route=\/wp\/v2\/users\/2"}],"replies":[{"embeddable":true,"href":"https:\/\/www.chirofit.cz\/index.php?rest_route=%2Fwp%2Fv2%2Fcomments&post=79"}],"version-history":[{"count":10,"href":"https:\/\/www.chirofit.cz\/index.php?rest_route=\/wp\/v2\/pages\/79\/revisions"}],"predecessor-version":[{"id":257,"href":"https:\/\/www.chirofit.cz\/index.php?rest_route=\/wp\/v2\/pages\/79\/revisions\/257"}],"wp:attachment":[{"href":"https:\/\/www.chirofit.cz\/index.php?rest_route=%2Fwp%2Fv2%2Fmedia&parent=79"}],"curies":[{"name":"wp","href":"https:\/\/api.w.org\/{rel}","templated":true}]}}